{"id":127,"date":"2024-05-17T15:28:20","date_gmt":"2024-05-17T13:28:20","guid":{"rendered":"https:\/\/issenadjene.com\/?page_id=127"},"modified":"2024-05-19T16:23:03","modified_gmt":"2024-05-19T14:23:03","slug":"tigzirt","status":"publish","type":"page","link":"https:\/\/issenadjene.com\/index.php\/tigzirt\/","title":{"rendered":"Tigzirt"},"content":{"rendered":"\n<p class=\"has-small-font-size\">C&rsquo;est la commune attenante du cot\u00e9 ouest. Tigzirt est aussi la da\u00efra (Sous pr\u00e9fecture) de la commune d&rsquo;Iflissen.<\/p>\n\n\n<div class=\"wp-block-image\">\n<figure class=\"aligncenter size-large is-resized\"><img loading=\"lazy\" decoding=\"async\" width=\"768\" height=\"1024\" src=\"https:\/\/issenadjene.com\/wp-content\/uploads\/2024\/05\/IMG_17021-768x1024.jpg\" alt=\"\" class=\"wp-image-110\" style=\"width:458px;height:auto\" srcset=\"https:\/\/issenadjene.com\/wp-content\/uploads\/2024\/05\/IMG_17021-768x1024.jpg 768w, https:\/\/issenadjene.com\/wp-content\/uploads\/2024\/05\/IMG_17021-225x300.jpg 225w, https:\/\/issenadjene.com\/wp-content\/uploads\/2024\/05\/IMG_17021-1152x1536.jpg 1152w, https:\/\/issenadjene.com\/wp-content\/uploads\/2024\/05\/IMG_17021-1536x2048.jpg 1536w, https:\/\/issenadjene.com\/wp-content\/uploads\/2024\/05\/IMG_17021-scaled.jpg 1920w\" sizes=\"auto, (max-width: 768px) 100vw, 768px\" \/><\/figure>\n<\/div>","protected":false},"excerpt":{"rendered":"<p>C&rsquo;est la commune attenante du cot\u00e9 ouest. Tigzirt est aussi la da\u00efra (Sous pr\u00e9fecture) de la commune d&rsquo;Iflissen.<\/p>\n","protected":false},"author":1,"featured_media":0,"parent":0,"menu_order":0,"comment_status":"open","ping_status":"closed","template":"","meta":{"footnotes":""},"class_list":["post-127","page","type-page","status-publish","hentry"],"_links":{"self":[{"href":"https:\/\/issenadjene.com\/index.php\/wp-json\/wp\/v2\/pages\/127","targetHints":{"allow":["GET"]}}],"collection":[{"href":"https:\/\/issenadjene.com\/index.php\/wp-json\/wp\/v2\/pages"}],"about":[{"href":"https:\/\/issenadjene.com\/index.php\/wp-json\/wp\/v2\/types\/page"}],"author":[{"embeddable":true,"href":"https:\/\/issenadjene.com\/index.php\/wp-json\/wp\/v2\/users\/1"}],"replies":[{"embeddable":true,"href":"https:\/\/issenadjene.com\/index.php\/wp-json\/wp\/v2\/comments?post=127"}],"version-history":[{"count":6,"href":"https:\/\/issenadjene.com\/index.php\/wp-json\/wp\/v2\/pages\/127\/revisions"}],"predecessor-version":[{"id":202,"href":"https:\/\/issenadjene.com\/index.php\/wp-json\/wp\/v2\/pages\/127\/revisions\/202"}],"wp:attachment":[{"href":"https:\/\/issenadjene.com\/index.php\/wp-json\/wp\/v2\/media?parent=127"}],"curies":[{"name":"wp","href":"https:\/\/api.w.org\/{rel}","templated":true}]}}